{"id":510,"date":"2024-08-14T08:18:35","date_gmt":"2024-08-14T08:18:35","guid":{"rendered":"https:\/\/bijpraot.nl\/?page_id=510"},"modified":"2024-08-14T21:33:01","modified_gmt":"2024-08-14T21:33:01","slug":"zwolse-peperbuskoek","status":"publish","type":"page","link":"https:\/\/bijpraot.nl\/index.php\/bijpraot\/honingrecepten\/zwolse-peperbuskoek\/","title":{"rendered":"Zwolse peperbuskoek"},"content":{"rendered":"<div class=\"wp-block-image\">\n<figure class=\"aligncenter size-full\"><img loading=\"lazy\" decoding=\"async\" width=\"400\" height=\"337\" src=\"https:\/\/bijpraot.nl\/wordpress\/wp-content\/uploads\/2024\/08\/honingpot.jpg\" alt=\"\" class=\"wp-image-346\" srcset=\"https:\/\/bijpraot.nl\/wordpress\/wp-content\/uploads\/2024\/08\/honingpot.jpg 400w, https:\/\/bijpraot.nl\/wordpress\/wp-content\/uploads\/2024\/08\/honingpot-300x253.jpg 300w\" sizes=\"auto, (max-width: 400px) 100vw, 400px\" \/><\/figure>\n<\/div>\n\n\n<p><strong>Zwolse peperbuskoek (kruidkoek uit Zwolle)<\/strong><\/p>\n\n\n\n<p><strong>Ingredi\u00ebnten:<br><\/strong> 375 gram zelfrijzend bakmeel, 10 gram koekkruiden, snufje zout, 75 gram gehakte sukade, 75 gram gember, 100 gram bruine basterdsuiker, 50 gram gewone suiker, 2 deciliter melk, 150 gram honing.<\/p>\n\n\n\n<p><strong>Bereidingswijze:<\/strong><br>Peperbuskoek is een soort kruidkoek met natte plekjes erin, De koek is genoemd naar de toren die karakteristiek is voor Zwolle. Vet een cakevorm goed in. Doe alle droge bestanddelen (bakmeel, zout, kruiden, sukade, gember en de twee soorten suiker) bij elkaar in een beslagkom. Voeg daar in \u00e9\u00e9n keer alle natte ingredi\u00ebnten (melk en honing) aan toe en meng alles tot een soepel beslag, Vul de cakevorm met het mengsel, Verwarm de oven voor op 140\u00b0C en bak de peperbuskoek in ongeveer 1\u00bd uur gaar.<\/p>\n\n\n\n<p><\/p>\n\n\n\n<p><a href=\"https:\/\/bijpraot.nl\/index.php\/bijpraot\/honingrecepten\/\">terug<\/a><\/p>\n","protected":false},"excerpt":{"rendered":"<p>Zwolse peperbuskoek (kruidkoek uit Zwolle) Ingredi\u00ebnten: 375 gram zelfrijzend bakmeel, 10 gram koekkruiden, snufje zout, 75 gram gehakte sukade, 75 gram gember, 100 gram bruine basterdsuiker, 50 gram gewone suiker, 2 deciliter melk, 150 gram honing. Bereidingswijze:Peperbuskoek is een soort kruidkoek met natte plekjes erin, De koek is genoemd naar de toren die karakteristiek is [&hellip;]<\/p>\n","protected":false},"author":1,"featured_media":0,"parent":343,"menu_order":0,"comment_status":"closed","ping_status":"closed","template":"","meta":{"footnotes":""},"class_list":["post-510","page","type-page","status-publish","hentry"],"yoast_head":"<!-- This site is optimized with the Yoast SEO plugin v27.4 - https:\/\/yoast.com\/product\/yoast-seo-wordpress\/ -->\n<title>Zwolse peperbuskoek - bijpraot.nl<\/title>\n<meta name=\"robots\" content=\"index, follow, max-snippet:-1, max-image-preview:large, max-video-preview:-1\" \/>\n<link rel=\"canonical\" href=\"https:\/\/bijpraot.nl\/index.php\/bijpraot\/honingrecepten\/zwolse-peperbuskoek\/\" \/>\n<meta property=\"og:locale\" content=\"nl_NL\" \/>\n<meta property=\"og:type\" content=\"article\" \/>\n<meta property=\"og:title\" content=\"Zwolse peperbuskoek - bijpraot.nl\" \/>\n<meta property=\"og:description\" content=\"Zwolse peperbuskoek (kruidkoek uit Zwolle) Ingredi\u00ebnten: 375 gram zelfrijzend bakmeel, 10 gram koekkruiden, snufje zout, 75 gram gehakte sukade, 75 gram gember, 100 gram bruine basterdsuiker, 50 gram gewone suiker, 2 deciliter melk, 150 gram honing. Bereidingswijze:Peperbuskoek is een soort kruidkoek met natte plekjes erin, De koek is genoemd naar de toren die karakteristiek is [&hellip;]\" \/>\n<meta property=\"og:url\" content=\"https:\/\/bijpraot.nl\/index.php\/bijpraot\/honingrecepten\/zwolse-peperbuskoek\/\" \/>\n<meta property=\"og:site_name\" content=\"bijpraot.nl\" \/>\n<meta property=\"article:publisher\" content=\"https:\/\/www.facebook.com\/pages\/Markt-van-Melk-en-Honing\/240683252803774\" \/>\n<meta property=\"article:modified_time\" content=\"2024-08-14T21:33:01+00:00\" \/>\n<meta property=\"og:image\" content=\"https:\/\/bijpraot.nl\/wordpress\/wp-content\/uploads\/2024\/08\/honingpot.jpg\" \/>\n<meta name=\"twitter:card\" content=\"summary_large_image\" \/>\n<meta name=\"twitter:site\" content=\"@MarktMelkHoning\" \/>\n<script type=\"application\/ld+json\" class=\"yoast-schema-graph\">{\"@context\":\"https:\\\/\\\/schema.org\",\"@graph\":[{\"@type\":\"WebPage\",\"@id\":\"https:\\\/\\\/bijpraot.nl\\\/index.php\\\/bijpraot\\\/honingrecepten\\\/zwolse-peperbuskoek\\\/\",\"url\":\"https:\\\/\\\/bijpraot.nl\\\/index.php\\\/bijpraot\\\/honingrecepten\\\/zwolse-peperbuskoek\\\/\",\"name\":\"Zwolse peperbuskoek - bijpraot.nl\",\"isPartOf\":{\"@id\":\"https:\\\/\\\/bijpraot.nl\\\/#website\"},\"primaryImageOfPage\":{\"@id\":\"https:\\\/\\\/bijpraot.nl\\\/index.php\\\/bijpraot\\\/honingrecepten\\\/zwolse-peperbuskoek\\\/#primaryimage\"},\"image\":{\"@id\":\"https:\\\/\\\/bijpraot.nl\\\/index.php\\\/bijpraot\\\/honingrecepten\\\/zwolse-peperbuskoek\\\/#primaryimage\"},\"thumbnailUrl\":\"https:\\\/\\\/bijpraot.nl\\\/wordpress\\\/wp-content\\\/uploads\\\/2024\\\/08\\\/honingpot.jpg\",\"datePublished\":\"2024-08-14T08:18:35+00:00\",\"dateModified\":\"2024-08-14T21:33:01+00:00\",\"breadcrumb\":{\"@id\":\"https:\\\/\\\/bijpraot.nl\\\/index.php\\\/bijpraot\\\/honingrecepten\\\/zwolse-peperbuskoek\\\/#breadcrumb\"},\"inLanguage\":\"nl-NL\",\"potentialAction\":[{\"@type\":\"ReadAction\",\"target\":[\"https:\\\/\\\/bijpraot.nl\\\/index.php\\\/bijpraot\\\/honingrecepten\\\/zwolse-peperbuskoek\\\/\"]}]},{\"@type\":\"ImageObject\",\"inLanguage\":\"nl-NL\",\"@id\":\"https:\\\/\\\/bijpraot.nl\\\/index.php\\\/bijpraot\\\/honingrecepten\\\/zwolse-peperbuskoek\\\/#primaryimage\",\"url\":\"https:\\\/\\\/bijpraot.nl\\\/wordpress\\\/wp-content\\\/uploads\\\/2024\\\/08\\\/honingpot.jpg\",\"contentUrl\":\"https:\\\/\\\/bijpraot.nl\\\/wordpress\\\/wp-content\\\/uploads\\\/2024\\\/08\\\/honingpot.jpg\",\"width\":400,\"height\":337},{\"@type\":\"BreadcrumbList\",\"@id\":\"https:\\\/\\\/bijpraot.nl\\\/index.php\\\/bijpraot\\\/honingrecepten\\\/zwolse-peperbuskoek\\\/#breadcrumb\",\"itemListElement\":[{\"@type\":\"ListItem\",\"position\":1,\"name\":\"Home\",\"item\":\"https:\\\/\\\/bijpraot.nl\\\/\"},{\"@type\":\"ListItem\",\"position\":2,\"name\":\"Bijpraot\",\"item\":\"https:\\\/\\\/bijpraot.nl\\\/index.php\\\/bijpraot\\\/\"},{\"@type\":\"ListItem\",\"position\":3,\"name\":\"Honingrecepten\",\"item\":\"https:\\\/\\\/bijpraot.nl\\\/index.php\\\/bijpraot\\\/honingrecepten\\\/\"},{\"@type\":\"ListItem\",\"position\":4,\"name\":\"Zwolse peperbuskoek\"}]},{\"@type\":\"WebSite\",\"@id\":\"https:\\\/\\\/bijpraot.nl\\\/#website\",\"url\":\"https:\\\/\\\/bijpraot.nl\\\/\",\"name\":\"Imkervereniging Zuidlaren\",\"description\":\"Imkersvereniging Zuidlaren\",\"publisher\":{\"@id\":\"https:\\\/\\\/bijpraot.nl\\\/#organization\"},\"potentialAction\":[{\"@type\":\"SearchAction\",\"target\":{\"@type\":\"EntryPoint\",\"urlTemplate\":\"https:\\\/\\\/bijpraot.nl\\\/?s={search_term_string}\"},\"query-input\":{\"@type\":\"PropertyValueSpecification\",\"valueRequired\":true,\"valueName\":\"search_term_string\"}}],\"inLanguage\":\"nl-NL\"},{\"@type\":\"Organization\",\"@id\":\"https:\\\/\\\/bijpraot.nl\\\/#organization\",\"name\":\"Imkervereniging Zuidlaren\",\"url\":\"https:\\\/\\\/bijpraot.nl\\\/\",\"logo\":{\"@type\":\"ImageObject\",\"inLanguage\":\"nl-NL\",\"@id\":\"https:\\\/\\\/bijpraot.nl\\\/#\\\/schema\\\/logo\\\/image\\\/\",\"url\":\"https:\\\/\\\/bijpraot.nl\\\/wordpress\\\/wp-content\\\/uploads\\\/2024\\\/05\\\/cropped-Logo_imkerverenigingZuidlaren-300x300-1.jpg\",\"contentUrl\":\"https:\\\/\\\/bijpraot.nl\\\/wordpress\\\/wp-content\\\/uploads\\\/2024\\\/05\\\/cropped-Logo_imkerverenigingZuidlaren-300x300-1.jpg\",\"width\":300,\"height\":300,\"caption\":\"Imkervereniging Zuidlaren\"},\"image\":{\"@id\":\"https:\\\/\\\/bijpraot.nl\\\/#\\\/schema\\\/logo\\\/image\\\/\"},\"sameAs\":[\"https:\\\/\\\/www.facebook.com\\\/pages\\\/Markt-van-Melk-en-Honing\\\/240683252803774\",\"https:\\\/\\\/x.com\\\/MarktMelkHoning\",\"https:\\\/\\\/www.instagram.com\\\/explore\\\/locations\\\/240683252803774\\\/markt-van-melk-en-honing\\\/\"]}]}<\/script>\n<!-- \/ Yoast SEO plugin. -->","yoast_head_json":{"title":"Zwolse peperbuskoek - bijpraot.nl","robots":{"index":"index","follow":"follow","max-snippet":"max-snippet:-1","max-image-preview":"max-image-preview:large","max-video-preview":"max-video-preview:-1"},"canonical":"https:\/\/bijpraot.nl\/index.php\/bijpraot\/honingrecepten\/zwolse-peperbuskoek\/","og_locale":"nl_NL","og_type":"article","og_title":"Zwolse peperbuskoek - bijpraot.nl","og_description":"Zwolse peperbuskoek (kruidkoek uit Zwolle) Ingredi\u00ebnten: 375 gram zelfrijzend bakmeel, 10 gram koekkruiden, snufje zout, 75 gram gehakte sukade, 75 gram gember, 100 gram bruine basterdsuiker, 50 gram gewone suiker, 2 deciliter melk, 150 gram honing. Bereidingswijze:Peperbuskoek is een soort kruidkoek met natte plekjes erin, De koek is genoemd naar de toren die karakteristiek is [&hellip;]","og_url":"https:\/\/bijpraot.nl\/index.php\/bijpraot\/honingrecepten\/zwolse-peperbuskoek\/","og_site_name":"bijpraot.nl","article_publisher":"https:\/\/www.facebook.com\/pages\/Markt-van-Melk-en-Honing\/240683252803774","article_modified_time":"2024-08-14T21:33:01+00:00","og_image":[{"url":"https:\/\/bijpraot.nl\/wordpress\/wp-content\/uploads\/2024\/08\/honingpot.jpg","type":"","width":"","height":""}],"twitter_card":"summary_large_image","twitter_site":"@MarktMelkHoning","schema":{"@context":"https:\/\/schema.org","@graph":[{"@type":"WebPage","@id":"https:\/\/bijpraot.nl\/index.php\/bijpraot\/honingrecepten\/zwolse-peperbuskoek\/","url":"https:\/\/bijpraot.nl\/index.php\/bijpraot\/honingrecepten\/zwolse-peperbuskoek\/","name":"Zwolse peperbuskoek - bijpraot.nl","isPartOf":{"@id":"https:\/\/bijpraot.nl\/#website"},"primaryImageOfPage":{"@id":"https:\/\/bijpraot.nl\/index.php\/bijpraot\/honingrecepten\/zwolse-peperbuskoek\/#primaryimage"},"image":{"@id":"https:\/\/bijpraot.nl\/index.php\/bijpraot\/honingrecepten\/zwolse-peperbuskoek\/#primaryimage"},"thumbnailUrl":"https:\/\/bijpraot.nl\/wordpress\/wp-content\/uploads\/2024\/08\/honingpot.jpg","datePublished":"2024-08-14T08:18:35+00:00","dateModified":"2024-08-14T21:33:01+00:00","breadcrumb":{"@id":"https:\/\/bijpraot.nl\/index.php\/bijpraot\/honingrecepten\/zwolse-peperbuskoek\/#breadcrumb"},"inLanguage":"nl-NL","potentialAction":[{"@type":"ReadAction","target":["https:\/\/bijpraot.nl\/index.php\/bijpraot\/honingrecepten\/zwolse-peperbuskoek\/"]}]},{"@type":"ImageObject","inLanguage":"nl-NL","@id":"https:\/\/bijpraot.nl\/index.php\/bijpraot\/honingrecepten\/zwolse-peperbuskoek\/#primaryimage","url":"https:\/\/bijpraot.nl\/wordpress\/wp-content\/uploads\/2024\/08\/honingpot.jpg","contentUrl":"https:\/\/bijpraot.nl\/wordpress\/wp-content\/uploads\/2024\/08\/honingpot.jpg","width":400,"height":337},{"@type":"BreadcrumbList","@id":"https:\/\/bijpraot.nl\/index.php\/bijpraot\/honingrecepten\/zwolse-peperbuskoek\/#breadcrumb","itemListElement":[{"@type":"ListItem","position":1,"name":"Home","item":"https:\/\/bijpraot.nl\/"},{"@type":"ListItem","position":2,"name":"Bijpraot","item":"https:\/\/bijpraot.nl\/index.php\/bijpraot\/"},{"@type":"ListItem","position":3,"name":"Honingrecepten","item":"https:\/\/bijpraot.nl\/index.php\/bijpraot\/honingrecepten\/"},{"@type":"ListItem","position":4,"name":"Zwolse peperbuskoek"}]},{"@type":"WebSite","@id":"https:\/\/bijpraot.nl\/#website","url":"https:\/\/bijpraot.nl\/","name":"Imkervereniging Zuidlaren","description":"Imkersvereniging Zuidlaren","publisher":{"@id":"https:\/\/bijpraot.nl\/#organization"},"potentialAction":[{"@type":"SearchAction","target":{"@type":"EntryPoint","urlTemplate":"https:\/\/bijpraot.nl\/?s={search_term_string}"},"query-input":{"@type":"PropertyValueSpecification","valueRequired":true,"valueName":"search_term_string"}}],"inLanguage":"nl-NL"},{"@type":"Organization","@id":"https:\/\/bijpraot.nl\/#organization","name":"Imkervereniging Zuidlaren","url":"https:\/\/bijpraot.nl\/","logo":{"@type":"ImageObject","inLanguage":"nl-NL","@id":"https:\/\/bijpraot.nl\/#\/schema\/logo\/image\/","url":"https:\/\/bijpraot.nl\/wordpress\/wp-content\/uploads\/2024\/05\/cropped-Logo_imkerverenigingZuidlaren-300x300-1.jpg","contentUrl":"https:\/\/bijpraot.nl\/wordpress\/wp-content\/uploads\/2024\/05\/cropped-Logo_imkerverenigingZuidlaren-300x300-1.jpg","width":300,"height":300,"caption":"Imkervereniging Zuidlaren"},"image":{"@id":"https:\/\/bijpraot.nl\/#\/schema\/logo\/image\/"},"sameAs":["https:\/\/www.facebook.com\/pages\/Markt-van-Melk-en-Honing\/240683252803774","https:\/\/x.com\/MarktMelkHoning","https:\/\/www.instagram.com\/explore\/locations\/240683252803774\/markt-van-melk-en-honing\/"]}]}},"_links":{"self":[{"href":"https:\/\/bijpraot.nl\/index.php\/wp-json\/wp\/v2\/pages\/510","targetHints":{"allow":["GET"]}}],"collection":[{"href":"https:\/\/bijpraot.nl\/index.php\/wp-json\/wp\/v2\/pages"}],"about":[{"href":"https:\/\/bijpraot.nl\/index.php\/wp-json\/wp\/v2\/types\/page"}],"author":[{"embeddable":true,"href":"https:\/\/bijpraot.nl\/index.php\/wp-json\/wp\/v2\/users\/1"}],"replies":[{"embeddable":true,"href":"https:\/\/bijpraot.nl\/index.php\/wp-json\/wp\/v2\/comments?post=510"}],"version-history":[{"count":3,"href":"https:\/\/bijpraot.nl\/index.php\/wp-json\/wp\/v2\/pages\/510\/revisions"}],"predecessor-version":[{"id":557,"href":"https:\/\/bijpraot.nl\/index.php\/wp-json\/wp\/v2\/pages\/510\/revisions\/557"}],"up":[{"embeddable":true,"href":"https:\/\/bijpraot.nl\/index.php\/wp-json\/wp\/v2\/pages\/343"}],"wp:attachment":[{"href":"https:\/\/bijpraot.nl\/index.php\/wp-json\/wp\/v2\/media?parent=510"}],"curies":[{"name":"wp","href":"https:\/\/api.w.org\/{rel}","templated":true}]}}